{"id":233,"date":"2013-07-29T13:32:11","date_gmt":"2013-07-29T11:32:11","guid":{"rendered":"http:\/\/www.test.jmj-online.de\/?page_id=233"},"modified":"2025-08-17T13:08:06","modified_gmt":"2025-08-17T12:08:06","slug":"die-jubilarkonige-der-bruderschaft","status":"publish","type":"page","link":"https:\/\/www.jmj-online.de\/?page_id=233","title":{"rendered":"Die Jubilark\u00f6nige der Bruderschaft"},"content":{"rendered":"\n<figure id=\"tablepress-6\" class=\"wp-block-table\"><table><tbody><tr><td>1.<\/td><td>1869<\/td><td>Johann M\u00fcller<\/td><td>50-j\u00e4hriges Bestehen der Bruderschaft<\/td><\/tr><tr><td>2.<\/td><td>1887<\/td><td>J.C. Falkenstein<\/td><td>50. Sch\u00fctzenk\u00f6nig der Bruderschaft<\/td><\/tr><tr><td>3.<\/td><td>1904<\/td><td>Josef Velten<\/td><td>110-j\u00e4hriges Bestehen der Bruderschaft<\/td><\/tr><tr><td>4.<\/td><td>1913<\/td><td>Roland Rosbach<\/td><td>75. Sch\u00fctzenk\u00f6nig der Bruderschaft<\/td><\/tr><tr><td>5.<\/td><td>1920<\/td><td>Ludwig Lenz<\/td><td>100-j\u00e4hriges Bestehen der Bruderschaft<\/td><\/tr><tr><td>6.<\/td><td>1925<\/td><td>Johann K\u00fcnzler<\/td><td>Jahrtausendfeier der Rheinlande<\/td><\/tr><tr><td>7.<\/td><td>1948<\/td><td>Wilhelm Schmitz<\/td><td>150-j\u00e4hriges Bestehen der Bruderschaft<\/td><\/tr><tr><td>8.<\/td><td>1951<\/td><td>Hans H\u00fcbel<\/td><td>100. Sch\u00fctzenk\u00f6nig der Bruderschaft<\/td><\/tr><tr><td>9.<\/td><td>1958<\/td><td>Bernhard Alfter<\/td><td>50-j\u00e4hriges K\u00f6nigsjubil\u00e4um von Paul Klein<\/td><\/tr><tr><td>10.<\/td><td>1969<\/td><td>Josef Commans<\/td><td>175-j\u00e4hriges Bestehen der Bruderschaft<\/td><\/tr><tr><td>11.<\/td><td>1973<\/td><td>Franz Everhartz<\/td><td>50-j\u00e4hriges K\u00f6nigsjubil\u00e4um von Nikolaus Werner<\/td><\/tr><tr><td>12.<\/td><td>1977<\/td><td>Manfred Thelen<\/td><td>50-j\u00e4hriges K\u00f6nigsjubil\u00e4um von Bernhard Alfter<\/td><\/tr><tr><td>13.<\/td><td>1983<\/td><td>Peter Ommert<\/td><td>60-j\u00e4hriges K\u00f6nigsjubil\u00e4um von Nikolaus Werner<\/td><\/tr><tr><td>14.<\/td><td>1985<\/td><td>Willi Hey<\/td><td>50-j\u00e4hriges K\u00f6nigsjubil\u00e4um von Heinrich Ko\u00dfmann<\/td><\/tr><tr><td>15.<\/td><td>1988<\/td><td>Bernd K\u00e4ufer<\/td><td>50-j\u00e4hriges K\u00f6nigsjubil\u00e4um von Hermann Scheidt<\/td><\/tr><tr><td>16.<\/td><td>1994<\/td><td>Klaus Obliers<\/td><td>200-j\u00e4hriges Bestehen der Bruderschaft<\/td><\/tr><tr><td>17.<\/td><td>1996<\/td><td>Norbert Neunkirchen<\/td><td>50-j\u00e4hriges K\u00f6nigsjubil\u00e4um von Paul Mohr und Gertrud Mehren<\/td><\/tr><tr><td>18.<\/td><td>1998<\/td><td>Paul Mohr<\/td><td>60-j\u00e4hriges K\u00f6nigsjubil\u00e4um von Hermann Scheidt<\/td><\/tr><tr><td>19.<\/td><td>2000<\/td><td>Roman Wagner<\/td><td>50-j\u00e4hriges K\u00f6nigsjubil\u00e4um von Willy und K\u00e4the Hey<\/td><\/tr><tr><td>20.<\/td><td>2001<\/td><td>Kurt Robens<\/td><td>150. Sch\u00fctzenk\u00f6nig der Bruderschaft<\/td><\/tr><tr><td>21.<\/td><td>2003<\/td><td>Peter Dirkmann<\/td><td>50-j\u00e4hriges K\u00f6nigsjubil\u00e4um von Klaus Obliers und Emilie Baltes (geb. Palombit)<\/td><\/tr><tr><td>22.<\/td><td>2004<\/td><td>Ulrich Volkmer<\/td><td>50-j\u00e4hriges K\u00f6nigsjubil\u00e4um von Josef Commans<\/td><\/tr><tr><td>23.<\/td><td>2005<\/td><td>Burkhard Balte<\/td><td>50-j\u00e4hriges K\u00f6nigsjubil\u00e4um von Heinz und Marlies Willmeroth (geb. Br\u00fcggemann)<\/td><\/tr><tr><td>24.<\/td><td>2006<\/td><td>Ulrich von der Mark<\/td><td>50-j\u00e4hriges K\u00f6nigsjubil\u00e4um von Hans-Peter L\u00fctz und Liesel H\u00fcrter (geb. Thiesen)<br>sowie<br>60-j\u00e4hriges K\u00f6nigsjubil\u00e4um von Paul Mohr und Gertrud Schmidt (geb. Mehren)<\/td><\/tr><tr><td>25.<\/td><td>2007<\/td><td>Dirk R\u00f6nz<\/td><td>50-j\u00e4hriges K\u00f6nigsjubil\u00e4um von Kurt Robens<\/td><\/tr><tr><td>26.<\/td><td>2008<\/td><td>J\u00fcrgen Obliers<\/td><td>50-j\u00e4hriges K\u00f6nigsjubil\u00e4um von Franz Everhartz und Elisabeth Sch\u00e4fer (geb. Nolden)<\/td><\/tr><tr><td>27.<\/td><td>2009<\/td><td>Theo Neunkirchen<\/td><td>50-j\u00e4hriges K\u00f6nigsjubil\u00e4um von Walter und Helma Brungs (geb. Palombit)<\/td><\/tr><tr><td>28.<\/td><td>2011<\/td><td>Stefan Groll<\/td><td>50-j\u00e4hriges K\u00f6nigsjubil\u00e4um von Egon Nolden<\/td><\/tr><tr><td>29.<\/td><td>2013<\/td><td>Franz Heinen<\/td><td>50-j\u00e4hriges K\u00f6nigsjubil\u00e4um von Karl-Heinz und Waltraud Honnef sowie<br>60j\u00e4hriges K\u00f6nigsjubil\u00e4um von Klaus Obliers und Emilie Baltes<\/td><\/tr><tr><td>30.<\/td><td>2014<\/td><td>Gerd Honnef<\/td><td>60-j\u00e4hriges K\u00f6nigsjubil\u00e4um von Josef Commans<\/td><\/tr><tr><td>31.<\/td><td>2015<\/td><td>Patrick Heyen<\/td><td>50-j\u00e4hriges K\u00f6nigsjubil\u00e4um von Herbert Schneider<\/td><\/tr><tr><td>32.<\/td><td>2018<\/td><td>Thomas Keppelstra\u00df<\/td><td>50-j\u00e4hriges K\u00f6nigsjubil\u00e4um von Dieter Wittmann<\/td><\/tr><tr><td>33.<\/td><td>2019<\/td><td>Burkhard Balte<\/td><td>225-j\u00e4hriges Bestehen der Brudeschaft<\/td><\/tr><tr><td>34.<\/td><td>2019<\/td><td>Thorsten Menzel<\/td><td>60-j\u00e4hriges K\u00f6nigsjubil\u00e4um von Walter und Helma Brungs<\/td><\/tr><tr><td>35.<\/td><td>2021<\/td><td>Herbert Trzoska<\/td><td>60-j\u00e4hriges K\u00f6nigsjubil\u00e4um von Franz-Egon Nolden<\/td><\/tr><tr><td>36.<\/td><td>2022<\/td><td>Jens Keil<\/td><td>50-j\u00e4hriges K\u00f6nigsjubil\u00e4um von Franz Heinen und Hildegard Wimmeroth<\/td><\/tr><tr><td>37.<\/td><td>2023<\/td><td>Dirk R\u00f6nz<\/td><td>50-j\u00e4hriges K\u00f6nigsjubil\u00e4um von Hans Wimmeroth und Maria Neunkirchen<br>sowie<br>60-j\u00e4hriges K\u00f6nigsjubil\u00e4um von Karl-Heinz und Waltraut Honnef<\/td><\/tr><tr><td>38.<\/td><td>2024<\/td><td>Martin Wollenschein<\/td><td>50-j\u00e4hriges K\u00f6nigsjubil\u00e4um von Mika Vukota und Inge Ulhaas<\/td><\/tr><tr><td>39<\/td><td>2025<\/td><td>Klaus-Dieter Merks<\/td><td>50-j\u00e4hriges K\u00f6nigsjubil\u00e4um von Hans-Josef Weller<br>und<br>60-j\u00e4hriges K\u00f6nigsjubil\u00e4um von Herbert Schneider<\/td><\/tr><\/tbody><\/table><\/figure>\n\n\n\n<p><\/p>\n","protected":false},"excerpt":{"rendered":"<p>1. 1869 Johann M\u00fcller 50-j\u00e4hriges Bestehen der Bruderschaft 2. 1887 J.C. Falkenstein 50. Sch\u00fctzenk\u00f6nig der Bruderschaft 3. 1904 Josef Velten 110-j\u00e4hriges Bestehen der Bruderschaft 4. 1913 Roland Rosbach 75. Sch\u00fctzenk\u00f6nig der Bruderschaft 5. 1920 Ludwig Lenz 100-j\u00e4hriges Bestehen der Bruderschaft &hellip; <a href=\"https:\/\/www.jmj-online.de\/?page_id=233\">Weiterlesen <span class=\"meta-nav\">&rarr;<\/span><\/a><\/p>\n","protected":false},"author":1,"featured_media":0,"parent":24,"menu_order":0,"comment_status":"closed","ping_status":"open","template":"","meta":{"footnotes":""},"_links":{"self":[{"href":"https:\/\/www.jmj-online.de\/index.php?rest_route=\/wp\/v2\/pages\/233"}],"collection":[{"href":"https:\/\/www.jmj-online.de\/index.php?rest_route=\/wp\/v2\/pages"}],"about":[{"href":"https:\/\/www.jmj-online.de\/index.php?rest_route=\/wp\/v2\/types\/page"}],"author":[{"embeddable":true,"href":"https:\/\/www.jmj-online.de\/index.php?rest_route=\/wp\/v2\/users\/1"}],"replies":[{"embeddable":true,"href":"https:\/\/www.jmj-online.de\/index.php?rest_route=%2Fwp%2Fv2%2Fcomments&post=233"}],"version-history":[{"count":5,"href":"https:\/\/www.jmj-online.de\/index.php?rest_route=\/wp\/v2\/pages\/233\/revisions"}],"predecessor-version":[{"id":2289,"href":"https:\/\/www.jmj-online.de\/index.php?rest_route=\/wp\/v2\/pages\/233\/revisions\/2289"}],"up":[{"embeddable":true,"href":"https:\/\/www.jmj-online.de\/index.php?rest_route=\/wp\/v2\/pages\/24"}],"wp:attachment":[{"href":"https:\/\/www.jmj-online.de\/index.php?rest_route=%2Fwp%2Fv2%2Fmedia&parent=233"}],"curies":[{"name":"wp","href":"https:\/\/api.w.org\/{rel}","templated":true}]}}