{"id":239,"date":"2013-07-29T13:38:49","date_gmt":"2013-07-29T11:38:49","guid":{"rendered":"http:\/\/www.test.jmj-online.de\/?page_id=239"},"modified":"2024-04-30T21:42:43","modified_gmt":"2024-04-30T20:42:43","slug":"die-maikonigspaare-der-bruderschaft","status":"publish","type":"page","link":"https:\/\/www.jmj-online.de\/?page_id=239","title":{"rendered":"Die Maik\u00f6nigspaare der Bruderschaft"},"content":{"rendered":"\n<figure id=\"tablepress-7\" class=\"wp-block-table\"><table><thead><tr><th>Jahr<\/th><th>Maik\u00f6nig<\/th><th>Maik\u00f6nigin<\/th><\/tr><\/thead><tbody><tr><td>1927<\/td><td>Christian Lohmar<\/td><td>Christine Schneider<\/td><\/tr><tr><td>1929<\/td><td>Franz Wirges<\/td><td>nicht bekannt<\/td><\/tr><tr><td>1931<\/td><td>Johann Keppelstra\u00df<\/td><td>Christine Reiffersh\u00e4user<\/td><\/tr><tr><td>1932<\/td><td>Jacob Holtorf<\/td><td>Maria Ehl<\/td><\/tr><tr><td>1933<\/td><td>Josef Keppelstra\u00df<\/td><td>Christine Reiffersh\u00e4user<\/td><\/tr><tr><td>1934<\/td><td>Karl Menzel<\/td><td>Else H\u00fcbel<\/td><\/tr><tr><td>1935<\/td><td>Heinrich Kreuder<\/td><td>Elisabeth K\u00fcnzler<\/td><\/tr><tr><td>1936<\/td><td>Hans Werner<\/td><td>Katharina Schwarz (Breslau)<\/td><\/tr><tr><td>1937<\/td><td>Johannes Ehl<\/td><td>Gretchen Kreuder<\/td><\/tr><tr><td>1947<\/td><td>Josef Diefenthal<\/td><td>Anneliese Strau\u00df<\/td><\/tr><tr><td>1948<\/td><td>Karl Georg Fritz<\/td><td>Marietherese Pesch<\/td><\/tr><tr><td>1949<\/td><td>Hermann Balte<\/td><td>Adele Wierich<\/td><\/tr><tr><td>1950<\/td><td>Karl Georg Fritz<\/td><td>Marietherese Pesch<\/td><\/tr><tr><td>1951<\/td><td>Josef Schugt<\/td><td>Margot Lemmert<\/td><\/tr><tr><td>1952<\/td><td>Ferdinand Schmitz<\/td><td>Marlene Neunkirchen<\/td><\/tr><tr><td>1953<\/td><td>Josef Commans<\/td><td>Anita Sch\u00e4fer<\/td><\/tr><tr><td>1954<\/td><td>Hermann Gassen<\/td><td>Lea Sonnen<\/td><\/tr><tr><td>1955<\/td><td>Walter Brungs<\/td><td>Helma Palombit<\/td><\/tr><tr><td>1956<\/td><td>Walter Schmitz<\/td><td>Leni Henscheid<\/td><\/tr><tr><td>1957<\/td><td>Rudi Hambitzer<\/td><td>Annemarie Wolff<\/td><\/tr><tr><td>1958<\/td><td>Hans Peter Bock<\/td><td>Ria Hochgeschurz<\/td><\/tr><tr><td>1959<\/td><td>Franz Everhartz<\/td><td>Elisabeth Nolden<\/td><\/tr><tr><td>1960<\/td><td>Rolf Bergmann<\/td><td>Resi Kurth<\/td><\/tr><tr><td>1961<\/td><td>Karl-Willi Baum<\/td><td>Rosemarie Nolden<\/td><\/tr><tr><td>1962<\/td><td>Karl-Heinz Honnef<\/td><td>Waltraud Varnhorn<\/td><\/tr><tr><td>1963<\/td><td>Mathias Oellig<\/td><td>Ingeborg Sp\u00e4ter<\/td><\/tr><tr><td>1964<\/td><td>Peter D\u00f6hmer<\/td><td>Maria Fammel<\/td><\/tr><tr><td>1965<\/td><td>Josef Lenz<\/td><td>Brigitte Kreuder<\/td><\/tr><tr><td>1966<\/td><td>Manfred Thelen<\/td><td>Liselotte Schneider<\/td><\/tr><tr><td>1967<\/td><td>Herbert Schneider<\/td><td>Margot M\u00fcller<\/td><\/tr><tr><td>1968<\/td><td>Hans Wimmeroth<\/td><td>B\u00e4rbel Moll<\/td><\/tr><tr><td>1969<\/td><td>Bernd K\u00e4ufer<\/td><td>Gisela Falkenstein<\/td><\/tr><tr><td>1970<\/td><td>Burghard Patt<\/td><td>Monika Schlierenkamp<\/td><\/tr><tr><td>1971<\/td><td>Walter Deipenbrock<\/td><td>Erika Schmitz<\/td><\/tr><tr><td>1972<\/td><td>Erwin Gerwing<\/td><td>Ursula M\u00fcller<\/td><\/tr><tr><td>1973<\/td><td>Werner Altmann<\/td><td>Evi Sch\u00f6neseifen<\/td><\/tr><tr><td>1974<\/td><td>Hans-Peter Krahe<\/td><td>Beate Dahm<\/td><\/tr><tr><td>1975<\/td><td>Clemens Sch\u00fcller<\/td><td>Helene Aldrin<\/td><\/tr><tr><td>1976<\/td><td>Eugen Rosbach<\/td><td>Inge Schonauer<\/td><\/tr><tr><td>1977<\/td><td>Dieter Rosenthal<\/td><td>Birgit Schwab<\/td><\/tr><tr><td>1978<\/td><td>Peter Dirkmann<\/td><td>Dagmar Freistedt<\/td><\/tr><tr><td>1979<\/td><td>Edgar Altmann<\/td><td>Marion Obliers<\/td><\/tr><tr><td>1980<\/td><td>J\u00f6rg Jagfeld<\/td><td>Ursula Heise<\/td><\/tr><tr><td>1981<\/td><td>Uwe Klunker<\/td><td>Ursula Kirschbaum<\/td><\/tr><tr><td>1982<\/td><td>Manfred Krahe<\/td><td>Ute Trimborn<\/td><\/tr><tr><td>1983<\/td><td>Wolfgang Schori<\/td><td>Heike Kl\u00f6ver<\/td><\/tr><tr><td>1984<\/td><td>Werner Honnef<\/td><td>Birgitt Zimmer<\/td><\/tr><tr><td>1985<\/td><td>Wilhelm Dietzler<\/td><td>Miriam H\u00fcrter<\/td><\/tr><tr><td>1986<\/td><td>Ralf Kr\u00e4mer<\/td><td>Beatrix Becker<\/td><\/tr><tr><td>1987<\/td><td>Gerd Honnef<\/td><td>Cornelia Schmitz<\/td><\/tr><tr><td>1988<\/td><td>Klaus Klunker<\/td><td>Andrea Wenzler<\/td><\/tr><tr><td>1989<\/td><td>Dieter Scheidt<\/td><td>Petra Bergmann<\/td><\/tr><tr><td>1990<\/td><td>Karl-Heinz Wenzler<\/td><td>Melanie Senf<\/td><\/tr><tr><td>1991<\/td><td>Mark Krohm<\/td><td>Ute Reinholz<\/td><\/tr><tr><td>1992<\/td><td>Thorsten Henseler<\/td><td>Ruth L\u00fcckoff<\/td><\/tr><tr><td>1993<\/td><td>Guido Stelter<\/td><td>Anja Schori<\/td><\/tr><tr><td>1994<\/td><td>Uwe Klunker<\/td><td>Marie H\u00fcbel<\/td><\/tr><tr><td>1995<\/td><td>Frank Banner<\/td><td>Birgitt Hartmann<\/td><\/tr><tr><td>1996<\/td><td>Klaus Klunker<\/td><td>Claudia Everhartz<\/td><\/tr><tr><td>1997<\/td><td>Dennis Baum<\/td><td>Alexandra Sauder<\/td><\/tr><tr><td>1998<\/td><td>Peter Krahe<\/td><td>Nancy Lichius<\/td><\/tr><tr><td>1999<\/td><td>Martin Ronig<\/td><td>Kathrin Wittmann<\/td><\/tr><tr><td>2000<\/td><td>Thorsten Menzel<\/td><td>Melanie Groll<\/td><\/tr><tr><td>2001<\/td><td>Markus Bollig<\/td><td>Sahra Lange<\/td><\/tr><tr><td>2002<\/td><td>Jan K\u00fchn<\/td><td>Sabine Krahe<\/td><\/tr><tr><td>2003<\/td><td>Thorsten Henseler<\/td><td>Dorothee Schneider<\/td><\/tr><tr><td>2004<\/td><td>Marc Rosbach<\/td><td>Alexandra Brenner<\/td><\/tr><tr><td>2005<\/td><td>Alexander Thomas<\/td><td>Claudia Thelen<\/td><\/tr><tr><td>2006<\/td><td>Sebastian Freistedt<\/td><td>Nadine Dobkowitz<\/td><\/tr><tr><td>2007<\/td><td>Magnus Mackowiak<\/td><td>Sabine Krahe<\/td><\/tr><tr><td>2008<\/td><td>Sven P\u00fctz<\/td><td>Jana de Syo<\/td><\/tr><tr><td>2009<\/td><td>Christoph Brenner<\/td><td>Dana Heimann<\/td><\/tr><tr><td>2010<\/td><td>Marcel Honnef<\/td><td>Verena Thiesen<\/td><\/tr><tr><td>2011<\/td><td>Phillip Fritzsche<\/td><td>Janina Suhre<\/td><\/tr><tr><td>2012<\/td><td>David Wahl<\/td><td>Katharina Fischer<\/td><\/tr><tr><td>2013<\/td><td>Alexander Schultz<\/td><td>Lisa Conrads<\/td><\/tr><tr><td>2014<\/td><td>J\u00f6rg Brauer<\/td><td>Kerstin Keil<\/td><\/tr><tr><td>2015<\/td><td>Lukas Conrads<\/td><td>Lena Obliers<\/td><\/tr><tr><td>2016<\/td><td>Dennis Pacht<\/td><td>Patricia Luitjens<\/td><\/tr><tr><td>2017<\/td><td>Christian Dirkmann<\/td><td>Vanessa Vester<\/td><\/tr><tr><td>2018<\/td><td>Josef D\u00fcrmaier<\/td><td>Laura Brauer<\/td><\/tr><tr><td>2019<\/td><td>Lukas Conrads<\/td><td>Lena Obliers<\/td><\/tr><tr><td>2020<\/td><td>Kein Maik\u00f6nigspaar wegen COVID-19-Pandemie<\/td><td><\/td><\/tr><tr><td>2021<\/td><td>Kein Maik\u00f6nigspaar wegen COVID-19-Pandemie<\/td><td><\/td><\/tr><tr><td>2022<\/td><td>Markus Holtorf<\/td><td>Anna-Lena Honnef<\/td><\/tr><tr><td>2023<\/td><td>Fabian Stelter<\/td><td>Lea Kirch<\/td><\/tr><tr><td>2024<\/td><td>Nico Braaf<\/td><td>Marie Bellinghausen<\/td><\/tr><\/tbody><\/table><\/figure>\n\n\n\n<p><\/p>\n","protected":false},"excerpt":{"rendered":"<p>Jahr Maik\u00f6nig Maik\u00f6nigin 1927 Christian Lohmar Christine Schneider 1929 Franz Wirges nicht bekannt 1931 Johann Keppelstra\u00df Christine Reiffersh\u00e4user 1932 Jacob Holtorf Maria Ehl 1933 Josef Keppelstra\u00df Christine Reiffersh\u00e4user 1934 Karl Menzel Else H\u00fcbel 1935 Heinrich Kreuder Elisabeth K\u00fcnzler 1936 Hans &hellip; <a href=\"https:\/\/www.jmj-online.de\/?page_id=239\">Weiterlesen <span class=\"meta-nav\">&rarr;<\/span><\/a><\/p>\n","protected":false},"author":1,"featured_media":0,"parent":24,"menu_order":0,"comment_status":"closed","ping_status":"open","template":"","meta":{"footnotes":""},"_links":{"self":[{"href":"https:\/\/www.jmj-online.de\/index.php?rest_route=\/wp\/v2\/pages\/239"}],"collection":[{"href":"https:\/\/www.jmj-online.de\/index.php?rest_route=\/wp\/v2\/pages"}],"about":[{"href":"https:\/\/www.jmj-online.de\/index.php?rest_route=\/wp\/v2\/types\/page"}],"author":[{"embeddable":true,"href":"https:\/\/www.jmj-online.de\/index.php?rest_route=\/wp\/v2\/users\/1"}],"replies":[{"embeddable":true,"href":"https:\/\/www.jmj-online.de\/index.php?rest_route=%2Fwp%2Fv2%2Fcomments&post=239"}],"version-history":[{"count":5,"href":"https:\/\/www.jmj-online.de\/index.php?rest_route=\/wp\/v2\/pages\/239\/revisions"}],"predecessor-version":[{"id":2221,"href":"https:\/\/www.jmj-online.de\/index.php?rest_route=\/wp\/v2\/pages\/239\/revisions\/2221"}],"up":[{"embeddable":true,"href":"https:\/\/www.jmj-online.de\/index.php?rest_route=\/wp\/v2\/pages\/24"}],"wp:attachment":[{"href":"https:\/\/www.jmj-online.de\/index.php?rest_route=%2Fwp%2Fv2%2Fmedia&parent=239"}],"curies":[{"name":"wp","href":"https:\/\/api.w.org\/{rel}","templated":true}]}}