{"id":24,"date":"2013-07-01T18:33:15","date_gmt":"2013-07-01T16:33:15","guid":{"rendered":"http:\/\/www.test.jmj-online.de\/?page_id=24"},"modified":"2023-07-30T09:19:20","modified_gmt":"2023-07-30T08:19:20","slug":"historie","status":"publish","type":"page","link":"https:\/\/www.jmj-online.de\/?page_id=24","title":{"rendered":"Historie"},"content":{"rendered":"<p style=\"text-align: left; padding-left: 210px;\"><a title=\"Pr\u00e4sides\" href=\"http:\/\/www.test.jmj-online.de\/?page_id=26\"><strong>Pr\u00e4sides<\/strong><\/a><\/p>\n<p style=\"text-align: left; padding-left: 210px;\"><a title=\"Brudermeister\" href=\"http:\/\/www.test.jmj-online.de\/?page_id=28\"><strong>Brudermeister<\/strong><\/a><\/p>\n<p style=\"text-align: left; padding-left: 210px;\"><strong>Ehrenmitglieder<\/strong><\/p>\n<p style=\"text-align: left; padding-left: 210px;\"><strong>Ehemalige Sch\u00fctzenk\u00f6nige<\/strong><\/p>\n<p style=\"text-align: left; padding-left: 210px;\"><strong>Jubilark\u00f6nige<\/strong><\/p>\n<p style=\"text-align: left; padding-left: 210px;\"><strong>Maik\u00f6nigspaare<\/strong><\/p>\n","protected":false},"excerpt":{"rendered":"<p>Pr\u00e4sides Brudermeister Ehrenmitglieder Ehemalige Sch\u00fctzenk\u00f6nige Jubilark\u00f6nige Maik\u00f6nigspaare<\/p>\n","protected":false},"author":1,"featured_media":0,"parent":0,"menu_order":0,"comment_status":"closed","ping_status":"open","template":"","meta":{"footnotes":""},"_links":{"self":[{"href":"https:\/\/www.jmj-online.de\/index.php?rest_route=\/wp\/v2\/pages\/24"}],"collection":[{"href":"https:\/\/www.jmj-online.de\/index.php?rest_route=\/wp\/v2\/pages"}],"about":[{"href":"https:\/\/www.jmj-online.de\/index.php?rest_route=\/wp\/v2\/types\/page"}],"author":[{"embeddable":true,"href":"https:\/\/www.jmj-online.de\/index.php?rest_route=\/wp\/v2\/users\/1"}],"replies":[{"embeddable":true,"href":"https:\/\/www.jmj-online.de\/index.php?rest_route=%2Fwp%2Fv2%2Fcomments&post=24"}],"version-history":[{"count":4,"href":"https:\/\/www.jmj-online.de\/index.php?rest_route=\/wp\/v2\/pages\/24\/revisions"}],"predecessor-version":[{"id":2079,"href":"https:\/\/www.jmj-online.de\/index.php?rest_route=\/wp\/v2\/pages\/24\/revisions\/2079"}],"wp:attachment":[{"href":"https:\/\/www.jmj-online.de\/index.php?rest_route=%2Fwp%2Fv2%2Fmedia&parent=24"}],"curies":[{"name":"wp","href":"https:\/\/api.w.org\/{rel}","templated":true}]}}