{"id":497,"date":"2013-07-31T09:03:20","date_gmt":"2013-07-31T07:03:20","guid":{"rendered":"http:\/\/www.test.jmj-online.de\/?page_id=497"},"modified":"2023-07-30T09:24:47","modified_gmt":"2023-07-30T08:24:47","slug":"kirmes-2000","status":"publish","type":"page","link":"https:\/\/www.jmj-online.de\/?page_id=497","title":{"rendered":"Kirmes 2000"},"content":{"rendered":"<h5 style=\"text-align: left;\">vom 19. bis 23. August 2000<\/h5>\n<div id='gallery-1' class='gallery galleryid-497 gallery-columns-1 gallery-size-thumbnail'><dl class='gallery-item'>\n\t\t\t<dt class='gallery-icon landscape'>\n\t\t\t\t<a href='https:\/\/www.jmj-online.de\/wp-content\/uploads\/2013\/07\/149.jpg' title=\"\" data-rl_title=\"\" class=\"rl-gallery-link\" data-rl_caption=\"\" data-rel=\"lightbox-gallery-1\"><img loading=\"lazy\" decoding=\"async\" width=\"150\" height=\"150\" src=\"https:\/\/www.jmj-online.de\/wp-content\/uploads\/2013\/07\/149-150x150.jpg\" class=\"attachment-thumbnail size-thumbnail\" alt=\"\" srcset=\"https:\/\/www.jmj-online.de\/wp-content\/uploads\/2013\/07\/149-150x150.jpg 150w, https:\/\/www.jmj-online.de\/wp-content\/uploads\/2013\/07\/149-230x230.jpg 230w, https:\/\/www.jmj-online.de\/wp-content\/uploads\/2013\/07\/149-80x80.jpg 80w\" sizes=\"(max-width: 150px) 100vw, 150px\" \/><\/a>\n\t\t\t<\/dt><\/dl><br style=\"clear: both\" \/>\n\t\t<\/div>\n\n<p>&nbsp;<\/p>\n<hr>\n<p><strong>Kirmesbericht<\/strong><\/p>\n<p>Peter Krahe ist der neue Sch\u00fctzenk\u00f6nig der Bruderschaft. Bereits mit dem 33. Schuss fegte er am Kirmesmontag den Vogel von der Stange. Damit hatte nun wirklich keiner gerechnet, denn viele B\u00fcrger kamen erst auf den Sportplatz, als der Vogel bereits gefallen war. Zu seiner K\u00f6nigin erkor Peter Krahe seine Freundin Nancy Lichius. In den Hofstaat berief er seine Schwester Sabine Krahe und Jan K\u00fchn sowie Simone Schmitz und David Wahl.<\/p>\n<p>Im nachhinein l\u00e4sst sich sagen, da\u00df es trotz aller Schwierigkeiten wieder mal eine herrliche Kirmes war. Denn als der amtierende K\u00f6nig Sven K\u00f6hr am Freitag Abend nach aufsagen des Jue-Spruchs f\u00fcr Andrea und Ulrich von der Mark von einem Stehtisch sprang und sich dabei erneut am Knie verletzte, zeichnete sich bereits ab, das er dieses Jahr Kirmes nicht in der Lage sein w\u00fcrde im Sch\u00fctzenzug mitzugehen und die mei\u00dfte Zeit im Rollstuhl von seinen Begleitern Markus Bollig und Dirk Heinen geschoben werden mu\u00dfte. Am Samstagmorgen kam es dann ganz dick, als die Nachricht die Runde machte, das unser 2. Zugf\u00fchrer Roman Wagner sich in derselben Nacht einen B\u00e4nderiss zugezogen hatte und unser 1. Zugf\u00fchrer Norbert Neunkirchen sich bei einem Sturz die Schulter verletzte. Letzterer konnte jedoch mit einer Armschlinge am Sch\u00fctzenzug teilnehmen. F\u00fcr Roman Wagner allerdings bedeutete der B\u00e4nderiss das Aus. Er machte jedoch das Beste was er tun konnte, und sagte sich kurzerhand, wenn ich nicht am Sch\u00fctzenzug teilnehmen kann hab ich ja genug Zeit um am Sonntag auf den Jubilarvogel, der anl\u00e4sslich des 50. K\u00f6nigsjubil\u00e4um von Willy und K\u00e4the Hey ausgeschossen wurde, zu schiessen. Und es kam wie es bei dieser verr\u00fcckten Kirmes kommen mu\u00dfte, Roman Wagner wurde neuer Jubilark\u00f6nig der Bruderschaft.<\/p>\n<p>Am Dienstagmorgen fand dann ein Festkommers zu Ehren von Willy und K\u00e4the Hey statt. Dieter Wittmann hielt die Laudatio f\u00fcr das Jubelpaar. Im Anschluss verlieh der Bezirkbundesmeister Mathias Esch Willy Hey das St Seb. Ehrenkreuz des Bundes der historischen deutschen Sch\u00fctzenbruderschaften f\u00fcr seine Verdienste um die Bruderschaft. Und weil ein solcher Festkommers immer ein sch\u00f6ner Anlass ist weitere Ehrungen vorzunehmen hielt unser Ehrenmitglied Eugen Rosbach eine Laudatio f\u00fcr einen Mann der in seiner aktiven Zeit als 1. Brudermeister richtungsweisende Akzente gesetzt hat. Am Ende teilte Rosbach mit, das sich beide Vorst\u00e4nde dazu entschlossen haben Herrn Ulrich K\u00f6hr zum Ehrenmitglied der Bruderschaft zu ernennen.<\/p>\n<p>An der Parade am Dienstagabend nahmen aus Anlass des Jubil\u00e4ums auch wieder der 3. und 4. Zug teil. Die Beteiligung hieran war so gross, da\u00df kurzfristig keine Gewehre mehr vorhanden waren, und erst noch kurzfristig besorgt werden mu\u00dfte. Es war schon ein imposanter Anblick. Im Anschluss an diese gigantische Parade fand erstmalig im B\u00fcrgerpark der grosse Zapfenstreich zu ehren des 50 j\u00e4hrigen Jubelpaars statt. Hervorragend dargeboten durch unser Tambourcorps Gr\u00fcn-Weiss und die Blasmusikkapelle Hans Schornberg. Die Entscheidung den Zapfenstreich im B\u00fcrgerpark zu spielen, und nicht wie all die Jahre sonst im kath. Pfarrheim erwies sich als Goldrichtig. Denn mit dem 3. und 4. Zug sowie einer \u00fcberaus gro\u00dfen Beteiligung der Oberkasseler war es ein perfekter Abschluss f\u00fcr diesen Tag.<\/p>\n","protected":false},"excerpt":{"rendered":"<p>vom 19. bis 23. August 2000 &nbsp; Kirmesbericht Peter Krahe ist der neue Sch\u00fctzenk\u00f6nig der Bruderschaft. Bereits mit dem 33. Schuss fegte er am Kirmesmontag den Vogel von der Stange. Damit hatte nun wirklich keiner gerechnet, denn viele B\u00fcrger kamen &hellip; <a href=\"https:\/\/www.jmj-online.de\/?page_id=497\">Weiterlesen <span class=\"meta-nav\">&rarr;<\/span><\/a><\/p>\n","protected":false},"author":1,"featured_media":0,"parent":0,"menu_order":0,"comment_status":"closed","ping_status":"open","template":"","meta":{"footnotes":""},"_links":{"self":[{"href":"https:\/\/www.jmj-online.de\/index.php?rest_route=\/wp\/v2\/pages\/497"}],"collection":[{"href":"https:\/\/www.jmj-online.de\/index.php?rest_route=\/wp\/v2\/pages"}],"about":[{"href":"https:\/\/www.jmj-online.de\/index.php?rest_route=\/wp\/v2\/types\/page"}],"author":[{"embeddable":true,"href":"https:\/\/www.jmj-online.de\/index.php?rest_route=\/wp\/v2\/users\/1"}],"replies":[{"embeddable":true,"href":"https:\/\/www.jmj-online.de\/index.php?rest_route=%2Fwp%2Fv2%2Fcomments&post=497"}],"version-history":[{"count":3,"href":"https:\/\/www.jmj-online.de\/index.php?rest_route=\/wp\/v2\/pages\/497\/revisions"}],"predecessor-version":[{"id":2082,"href":"https:\/\/www.jmj-online.de\/index.php?rest_route=\/wp\/v2\/pages\/497\/revisions\/2082"}],"wp:attachment":[{"href":"https:\/\/www.jmj-online.de\/index.php?rest_route=%2Fwp%2Fv2%2Fmedia&parent=497"}],"curies":[{"name":"wp","href":"https:\/\/api.w.org\/{rel}","templated":true}]}}