{"id":6,"date":"2013-06-30T19:08:16","date_gmt":"2013-06-30T18:08:16","guid":{"rendered":"http:\/\/www.test.jmj-online.de\/?page_id=6"},"modified":"2025-11-11T15:29:39","modified_gmt":"2025-11-11T14:29:39","slug":"aktiver-vorstand","status":"publish","type":"page","link":"https:\/\/www.jmj-online.de\/?page_id=6","title":{"rendered":"Aktiver Vorstand"},"content":{"rendered":"<p>Der aktive Vorstand wird auf der Jahreshauptversammlung gew\u00e4hlt.<br \/>\nDiese findet statt am Freitag vor oder nach Maria Verk\u00fcndung. Die Amtszeit betr\u00e4gt ein Jahr.<\/p>\n<p>Der jeweilige Pfarrer der Pfarrgemeinde St. C\u00e4cilia Bonn-Oberkassel sowie der Amtierende Sch\u00fctzenk\u00f6nig sind geborene Mitglieder des Vorstands.<\/p>\n<hr \/>\n<p style=\"text-align: center;\">Es folgt der Vorstand nach der Wahl vom 21.03.2025:<\/p>\n<h3 style=\"text-align: center;\"><b>Pr\u00e4ses<\/b><\/h3>\n<h3 style=\"text-align: center;\">Pfarrer Markus Feggeler<\/h3>\n<hr \/>\n<h3 style=\"text-align: center;\"><b>1. Brudermeister<\/b><\/h3>\n<h3 style=\"text-align: center;\">Martin Willmeroth<br \/>\n<a href=\"mailto:brudermeister@jmj-online.de\">E-Mail<\/a><\/h3>\n<hr \/>\n<h3 style=\"text-align: center;\"><b>2. Brudermeister<\/b><\/h3>\n<h3 style=\"text-align: center;\">Fabian Stelter<br \/>\n<a href=\"mailto:brudermeister@jmj-online.de\">E-Mail<\/a><\/h3>\n<hr \/>\n<h3 style=\"text-align: center;\"><b>1. Schriftf\u00fchrer<\/b><\/h3>\n<h3 style=\"text-align: center;\">Louis R\u00f6sch<br \/>\n<a href=\"mailto:schriftfuehrer@jmj-online.de\">E-Mail<\/a><\/h3>\n<hr \/>\n<h3 style=\"text-align: center;\"><b>2. Schriftf\u00fchrer<\/b><\/h3>\n<h3 style=\"text-align: center;\">Joel Laurinat<br \/>\n<a href=\"mailto:schriftfuehrer@jmj-online.de\">E-Mail<\/a><\/h3>\n<hr \/>\n<h3 style=\"text-align: center;\"><b>1. Kassierer<\/b><\/h3>\n<h3 style=\"text-align: center;\">Tobias Keppelstra\u00df<br \/>\n<a href=\"mailto:kassierer@jmj-online.de\">E-Mail<\/a><\/h3>\n<hr \/>\n<h3 style=\"text-align: center;\"><b>2. Kassierer<\/b><\/h3>\n<h3 style=\"text-align: center;\">Nico Braaf<br \/>\n<a href=\"mailto:kassierer@jmj-online.de\">E-Mail<\/a><\/h3>\n<hr \/>\n<h3 style=\"text-align: center;\"><b>Hauptmann<\/b><\/h3>\n<h3 style=\"text-align: center;\">Sam Warnke<\/h3>\n<hr \/>\n<h3 style=\"text-align: center;\"><b>Amtierender Sch\u00fctzenk\u00f6nig<\/b><\/h3>\n<h3 style=\"text-align: center;\">Fabian Stelter<\/h3>\n<hr \/>\n<h3 style=\"text-align: center;\"><b>1. F\u00e4hnrich<\/b><\/h3>\n<h3 style=\"text-align: center;\">Fabian Derenbach<\/h3>\n<hr \/>\n<h3 style=\"text-align: center;\"><b>2. F\u00e4hnrich<\/b><\/h3>\n<h3 style=\"text-align: center;\">Max K\u00f6rner<\/h3>\n<hr \/>\n","protected":false},"excerpt":{"rendered":"<p>Der aktive Vorstand wird auf der Jahreshauptversammlung gew\u00e4hlt. Diese findet statt am Freitag vor oder nach Maria Verk\u00fcndung. Die Amtszeit betr\u00e4gt ein Jahr. Der jeweilige Pfarrer der Pfarrgemeinde St. C\u00e4cilia Bonn-Oberkassel sowie der Amtierende Sch\u00fctzenk\u00f6nig sind geborene Mitglieder des Vorstands. &hellip; <a href=\"https:\/\/www.jmj-online.de\/?page_id=6\">Weiterlesen <span class=\"meta-nav\">&rarr;<\/span><\/a><\/p>\n","protected":false},"author":1,"featured_media":0,"parent":437,"menu_order":0,"comment_status":"closed","ping_status":"open","template":"","meta":{"footnotes":""},"_links":{"self":[{"href":"https:\/\/www.jmj-online.de\/index.php?rest_route=\/wp\/v2\/pages\/6"}],"collection":[{"href":"https:\/\/www.jmj-online.de\/index.php?rest_route=\/wp\/v2\/pages"}],"about":[{"href":"https:\/\/www.jmj-online.de\/index.php?rest_route=\/wp\/v2\/types\/page"}],"author":[{"embeddable":true,"href":"https:\/\/www.jmj-online.de\/index.php?rest_route=\/wp\/v2\/users\/1"}],"replies":[{"embeddable":true,"href":"https:\/\/www.jmj-online.de\/index.php?rest_route=%2Fwp%2Fv2%2Fcomments&post=6"}],"version-history":[{"count":32,"href":"https:\/\/www.jmj-online.de\/index.php?rest_route=\/wp\/v2\/pages\/6\/revisions"}],"predecessor-version":[{"id":2312,"href":"https:\/\/www.jmj-online.de\/index.php?rest_route=\/wp\/v2\/pages\/6\/revisions\/2312"}],"up":[{"embeddable":true,"href":"https:\/\/www.jmj-online.de\/index.php?rest_route=\/wp\/v2\/pages\/437"}],"wp:attachment":[{"href":"https:\/\/www.jmj-online.de\/index.php?rest_route=%2Fwp%2Fv2%2Fmedia&parent=6"}],"curies":[{"name":"wp","href":"https:\/\/api.w.org\/{rel}","templated":true}]}}