{"id":73,"date":"2013-07-07T11:28:13","date_gmt":"2013-07-07T09:28:13","guid":{"rendered":"http:\/\/www.test.jmj-online.de\/?page_id=73"},"modified":"2019-02-20T19:16:30","modified_gmt":"2019-02-20T17:16:30","slug":"chronik","status":"publish","type":"page","link":"https:\/\/www.jmj-online.de\/?page_id=73","title":{"rendered":"Chronik"},"content":{"rendered":"<p style=\"text-align: center;\">Aus Anlass des 200-j\u00e4hrigen Jubil\u00e4ums im Jahr 1994 erstellten die Mitglieder<br \/>\nWilli Hey, Peter Willmeroth und Hartmut Dahm<br \/>\neine Chronik \u00fcber die Geschichte der Bruderschaft.<\/p>\n<p style=\"text-align: center;\">Auf den folgenden Seiten ist diese inhaltlich wiedergegeben.<\/p>\n<address style=\"text-align: center;\"><a title=\"Einleitung\" href=\"http:\/\/www.test.jmj-online.de\/?page_id=71\">Einleitung<\/a><\/address>\n<address style=\"text-align: center;\"><a title=\"Kapitel 1: Gr\u00fcndung und Anfangsjahre der Bruderschaft\" href=\"http:\/\/www.test.jmj-online.de\/?page_id=82\">Kapitel 1<\/a><\/address>\n<address style=\"text-align: center;\"><a title=\"Kapitel 2: Die Sch\u00fctzen treten in Erscheinung\" href=\"http:\/\/www.test.jmj-online.de\/?page_id=159\">Kapitel 2<\/a><\/address>\n<address style=\"text-align: center;\"><a title=\"Kapitel 3: Die erste Erneuerung der Bruderschaft\" href=\"http:\/\/www.test.jmj-online.de\/?page_id=174\">Kapitel 3<\/a><\/address>\n<address style=\"text-align: center;\"><a title=\"Kapitel 4: Bruderschaft und Kirmes um die Jahrhundertwende\" href=\"http:\/\/www.jmj-online.de\/chronik\/kapitel-4-bruderschaft-und-kirmes-um-die-jahrhundertwende\">Kapitel 4<\/a><\/address>\n<address style=\"text-align: center;\"><a href=\"http:\/\/www.jmj-online.de\/chronik\/kapitel-5-mehrere-jubilaen-und-viele-theaterauffuhrungen\">Kapitel 5<\/a><\/address>\n<address style=\"text-align: center;\"><a href=\"http:\/\/www.jmj-online.de\/chronik\/kapitel-6-die-bruderschaft-im-dritten-reich\">Kapitel 6<\/a><\/address>\n<address style=\"text-align: center;\"><a href=\"http:\/\/www.jmj-online.de\/chronik\/kapitel-7-wiederaufrichtung-nach-dem-zweiten-weltkrieg\">Kapitel 7<\/a><\/address>\n<address style=\"text-align: center;\">Kapitel 8<\/address>\n<address style=\"text-align: center;\">Kapitel 9<\/address>\n<address style=\"text-align: center;\">Kapitel 10<\/address>\n<address style=\"text-align: center;\">Kapitel 11<\/address>\n<address style=\"text-align: center;\">Kapitel 12<\/address>\n<p style=\"text-align: center;\"><strong><em>\u00a9 Jesus-Maria-Josef Junggesellen-Sch\u00fctzenbruderschaft 1794 Bonn-Oberkassel e.V.<\/em><\/strong><\/p>\n","protected":false},"excerpt":{"rendered":"<p>Aus Anlass des 200-j\u00e4hrigen Jubil\u00e4ums im Jahr 1994 erstellten die Mitglieder Willi Hey, Peter Willmeroth und Hartmut Dahm eine Chronik \u00fcber die Geschichte der Bruderschaft. Auf den folgenden Seiten ist diese inhaltlich wiedergegeben. Einleitung Kapitel 1 Kapitel 2 Kapitel 3 &hellip; <a href=\"https:\/\/www.jmj-online.de\/?page_id=73\">Weiterlesen <span class=\"meta-nav\">&rarr;<\/span><\/a><\/p>\n","protected":false},"author":1,"featured_media":0,"parent":0,"menu_order":0,"comment_status":"open","ping_status":"open","template":"","meta":{"footnotes":""},"_links":{"self":[{"href":"https:\/\/www.jmj-online.de\/index.php?rest_route=\/wp\/v2\/pages\/73"}],"collection":[{"href":"https:\/\/www.jmj-online.de\/index.php?rest_route=\/wp\/v2\/pages"}],"about":[{"href":"https:\/\/www.jmj-online.de\/index.php?rest_route=\/wp\/v2\/types\/page"}],"author":[{"embeddable":true,"href":"https:\/\/www.jmj-online.de\/index.php?rest_route=\/wp\/v2\/users\/1"}],"replies":[{"embeddable":true,"href":"https:\/\/www.jmj-online.de\/index.php?rest_route=%2Fwp%2Fv2%2Fcomments&post=73"}],"version-history":[{"count":17,"href":"https:\/\/www.jmj-online.de\/index.php?rest_route=\/wp\/v2\/pages\/73\/revisions"}],"predecessor-version":[{"id":1408,"href":"https:\/\/www.jmj-online.de\/index.php?rest_route=\/wp\/v2\/pages\/73\/revisions\/1408"}],"wp:attachment":[{"href":"https:\/\/www.jmj-online.de\/index.php?rest_route=%2Fwp%2Fv2%2Fmedia&parent=73"}],"curies":[{"name":"wp","href":"https:\/\/api.w.org\/{rel}","templated":true}]}}