{"id":839,"date":"2014-06-26T11:05:52","date_gmt":"2014-06-26T09:05:52","guid":{"rendered":"http:\/\/www.jmj-online.de\/?page_id=839"},"modified":"2023-07-30T09:24:32","modified_gmt":"2023-07-30T08:24:32","slug":"festprogramm-kirmes-2014","status":"publish","type":"page","link":"https:\/\/www.jmj-online.de\/?page_id=839","title":{"rendered":"Kirmes 2014"},"content":{"rendered":"<h1 style=\"text-align: center;\"><span style=\"color: #333300;\">Andre Dobkowitz und Dana Heimann<\/span><br \/>\n<span style=\"color: #333300;\"> sind das 163. Sch\u00fctzenk\u00f6nigspaar<\/span><\/h1>\n<hr>\n<h1 style=\"text-align: center;\"><\/h1>\n<p>Seit Kirmesmontag, den 18.08.2014 hat Oberkassel einen neuen Sch\u00fctzenk\u00f6nig. Mit dem 42. Schuss errang Andre Dobkowitz die 163. Sch\u00fctzenk\u00f6nigsw\u00fcrde unserer Bruderschaft. Zu seiner K\u00f6nigin erkor er sich Frau Dana Heimann. In den Hofstaat beriefen die beiden Markus Weinstock und Jaqueline Schillo sowie Nils Staffel und Sabrina Schulthei\u00df.<\/p>\n<hr>\n<p>Hier das Video des K\u00f6nigsschie\u00dfens:<\/p>\n<p><iframe loading=\"lazy\" src=\"\/\/www.youtube.com\/embed\/bOIl-ez3x4o?rel=0\" width=\"560\" height=\"315\" frameborder=\"0\" allowfullscreen=\"allowfullscreen\"><\/iframe><\/p>\n<hr>\n<h2>Gerd Honnef ist Jubilark\u00f6nig<\/h2>\n<p><iframe loading=\"lazy\" src=\"\/\/www.youtube.com\/embed\/RwnIsNv6XIM\" width=\"560\" height=\"315\" frameborder=\"0\" allowfullscreen=\"allowfullscreen\"><\/iframe><\/p>\n<hr>\n<p><b>Samstag, 16. August 2014<\/b><\/p>\n<p>17.00 Uhr Antreten auf dem Marktplatz<br \/>\n17.30 Uhr Aufstellen der Vogelstange auf dem Marktplatz<\/p>\n<p><b>Sonntag, 17. August 2014<\/b><\/p>\n<p>07.30 Uhr Antreten auf dem Marktplatz<br \/>\n09.00 Uhr Hl. Messe auf dem Schulhof der Grundschule<br \/>\n09.45 Uhr Fahnenschwenken zu Ehren der Oberkasseler Pfarrgeistlichkeit<br \/>\n10.00 Uhr Kranzniederlegung am Ehrenmal auf dem Oberkasseler Marktplatz und Fahnenschwenken f\u00fcr die Oberkasseler B\u00fcrger<br \/>\n10.30 Uhr Jubilark\u00f6nigsschie\u00dfen zu Ehren des 60-j\u00e4hrigen Jubelk\u00f6nigs Josef Commans auf dem Parkplatz des Sportplatzes Stingenberg<br \/>\n13.00 Uhr Antreten der JMJ-Junggesellen auf dem Marktplatz, anschlie\u00dfend Abholen des amtierenden Sch\u00fctzenk\u00f6nigs Alexander Schultz<br \/>\n17.00 Uhr Abholen der amtierenden Sch\u00fctzenk\u00f6nigin Lisa Conrads<br \/>\n18.45 Uhr Ehrung des neuen Jubilark\u00f6nigs<br \/>\n19.30 Uhr K\u00f6nigsparade auf der Adrianstra\u00dfe<br \/>\n20.15 Uhr K\u00f6nigsball im kath. Pfarrheim, Kastellstra\u00dfe 21<\/p>\n<p><b>Montag, 18. August 2014<\/b><\/p>\n<p>08.00 Uhr Hl. Messe f\u00fcr die Lebenden und Verstorbenen Mitglieder der JMJ\u2013Sch\u00fctzenbruderschaft<br \/>\n09.00 Uhr Antreten der JMJ-Junggesellen auf dem Marktplatz<br \/>\n10.30 Uhr K\u00f6nigsvogelschie\u00dfen auf dem Parkplatz des Sportplatzes Stingenberg<br \/>\n14.00 Uhr Antreten der JMJ-Junggesellen auf dem Marktplatz, oder eine Stunde nachdem der Vogel gefallen ist<br \/>\n15.00 Uhr Kr\u00f6nung des neuen Sch\u00fctzenk\u00f6nigs im B\u00fcrgerpark<br \/>\n17.15 Uhr Kr\u00f6nung der neuen Sch\u00fctzenk\u00f6nigin vor deren Elternhaus<br \/>\n19.00 Uhr Ehrung des 25j\u00e4hrigen Jubelpaares Burkhard Balte und Britta Obliers in der Dornheckenstra\u00dfe<br \/>\n19.30 Uhr K\u00f6nigsparade auf der Adrianstra\u00dfe<br \/>\n20.15 Uhr K\u00f6nigsball im kath. Pfarrheim, Kastellstra\u00dfe 21<\/p>\n<p><b>Dienstag, 19. August 2014<\/b><\/p>\n<p>10.30 Uhr Antreten der JMJ-Junggesellen auf dem Marktplatz, anschlie\u00dfend Abholen der K\u00f6nigspaare<br \/>\n18.00 Uhr Ehrung des 60-j\u00e4hrigen Jubelk\u00f6nigs Josef Commans am Tambourcorpsheim<br \/>\n19.00 Uhr K\u00f6nigsparade auf der Adrianstra\u00dfe<br \/>\n20.00 Uhr gro\u00dfer Zapfenstreich zu Ehren von Josef Commans im B\u00fcrgerpark<br \/>\n21:00 Uhr K\u00f6nigsball im kath. Pfarrheim, Kastellstra\u00dfe 21<\/p>\n<p><b>Mittwoch, 20. August 2014 <\/b><\/p>\n<p>18.00 Uhr Antreten auf dem Marktplatz und Absetzen der Vogelstange<br \/>\n20.30 Uhr Beerdigung des Kirmeskerls am Rheinufer<\/p>\n<p>&nbsp;<\/p>\n<p><a href=\"http:\/\/www.jmj-online.de\/wp-content\/uploads\/2014\/08\/Plakat-2014alternative-Seite001.jpeg\" data-rel=\"lightbox-gallery-KtxDMZmp\" data-rl_title=\"\" data-rl_caption=\"\" title=\"\"><img loading=\"lazy\" decoding=\"async\" class=\"aligncenter wp-image-887 \" src=\"http:\/\/www.jmj-online.de\/wp-content\/uploads\/2014\/08\/Plakat-2014alternative-Seite001.jpeg\" alt=\"Plakat 2014alternative-Seite001\" width=\"248\" height=\"282\"><\/a><\/p>\n","protected":false},"excerpt":{"rendered":"<p>Andre Dobkowitz und Dana Heimann sind das 163. Sch\u00fctzenk\u00f6nigspaar Seit Kirmesmontag, den 18.08.2014 hat Oberkassel einen neuen Sch\u00fctzenk\u00f6nig. Mit dem 42. Schuss errang Andre Dobkowitz die 163. Sch\u00fctzenk\u00f6nigsw\u00fcrde unserer Bruderschaft. Zu seiner K\u00f6nigin erkor er sich Frau Dana Heimann. In &hellip; <a href=\"https:\/\/www.jmj-online.de\/?page_id=839\">Weiterlesen <span class=\"meta-nav\">&rarr;<\/span><\/a><\/p>\n","protected":false},"author":1,"featured_media":0,"parent":0,"menu_order":0,"comment_status":"closed","ping_status":"open","template":"","meta":{"footnotes":""},"_links":{"self":[{"href":"https:\/\/www.jmj-online.de\/index.php?rest_route=\/wp\/v2\/pages\/839"}],"collection":[{"href":"https:\/\/www.jmj-online.de\/index.php?rest_route=\/wp\/v2\/pages"}],"about":[{"href":"https:\/\/www.jmj-online.de\/index.php?rest_route=\/wp\/v2\/types\/page"}],"author":[{"embeddable":true,"href":"https:\/\/www.jmj-online.de\/index.php?rest_route=\/wp\/v2\/users\/1"}],"replies":[{"embeddable":true,"href":"https:\/\/www.jmj-online.de\/index.php?rest_route=%2Fwp%2Fv2%2Fcomments&post=839"}],"version-history":[{"count":13,"href":"https:\/\/www.jmj-online.de\/index.php?rest_route=\/wp\/v2\/pages\/839\/revisions"}],"predecessor-version":[{"id":2081,"href":"https:\/\/www.jmj-online.de\/index.php?rest_route=\/wp\/v2\/pages\/839\/revisions\/2081"}],"wp:attachment":[{"href":"https:\/\/www.jmj-online.de\/index.php?rest_route=%2Fwp%2Fv2%2Fmedia&parent=839"}],"curies":[{"name":"wp","href":"https:\/\/api.w.org\/{rel}","templated":true}]}}