{"id":998,"date":"2015-10-24T13:33:52","date_gmt":"2015-10-24T12:33:52","guid":{"rendered":"http:\/\/www.jmj-online.de\/?page_id=998"},"modified":"2023-07-30T09:17:45","modified_gmt":"2023-07-30T08:17:45","slug":"anmeldung","status":"publish","type":"page","link":"https:\/\/www.jmj-online.de\/?page_id=998","title":{"rendered":"Anmeldung"},"content":{"rendered":"<p>Mit diesem <a href=\"http:\/\/www.jmj-online.de\/wp-content\/uploads\/2015\/10\/AnmeldeformularOhneAdresse.pdf\">Anmeldeformular<\/a> k\u00f6nnt Ihr Euch f\u00fcr das Projekt Jugendarbeit registrieren und werdet \u00fcber alle Veranstaltungen informiert.<\/p>\n<p>Adresse zur Abgabe des Formulars:<\/p>\n<p><strong>Tanja Rosbach<\/strong><br \/>\nMeerhausener Str. 2<br \/>\n53227 Bonn<\/p>\n<p>Bei Fragen hierzu, sind die Ansprechpartner auch unter folgender Mailadresse erreichbar:<\/p>\n<p><a title=\"jmj-jugendarbeit@web.de\" href=\"mailto:jmj-jugendarbeit@web.de\" target=\"_blank\" rel=\"noopener\">jmj-jugendarbeit@web.de<\/a><\/p>\n","protected":false},"excerpt":{"rendered":"<p>Mit diesem Anmeldeformular k\u00f6nnt Ihr Euch f\u00fcr das Projekt Jugendarbeit registrieren und werdet \u00fcber alle Veranstaltungen informiert. Adresse zur Abgabe des Formulars: Tanja Rosbach Meerhausener Str. 2 53227 Bonn Bei Fragen hierzu, sind die Ansprechpartner auch unter folgender Mailadresse erreichbar: &hellip; <a href=\"https:\/\/www.jmj-online.de\/?page_id=998\">Weiterlesen <span class=\"meta-nav\">&rarr;<\/span><\/a><\/p>\n","protected":false},"author":1,"featured_media":0,"parent":0,"menu_order":0,"comment_status":"closed","ping_status":"open","template":"","meta":{"footnotes":""},"_links":{"self":[{"href":"https:\/\/www.jmj-online.de\/index.php?rest_route=\/wp\/v2\/pages\/998"}],"collection":[{"href":"https:\/\/www.jmj-online.de\/index.php?rest_route=\/wp\/v2\/pages"}],"about":[{"href":"https:\/\/www.jmj-online.de\/index.php?rest_route=\/wp\/v2\/types\/page"}],"author":[{"embeddable":true,"href":"https:\/\/www.jmj-online.de\/index.php?rest_route=\/wp\/v2\/users\/1"}],"replies":[{"embeddable":true,"href":"https:\/\/www.jmj-online.de\/index.php?rest_route=%2Fwp%2Fv2%2Fcomments&post=998"}],"version-history":[{"count":6,"href":"https:\/\/www.jmj-online.de\/index.php?rest_route=\/wp\/v2\/pages\/998\/revisions"}],"predecessor-version":[{"id":2035,"href":"https:\/\/www.jmj-online.de\/index.php?rest_route=\/wp\/v2\/pages\/998\/revisions\/2035"}],"wp:attachment":[{"href":"https:\/\/www.jmj-online.de\/index.php?rest_route=%2Fwp%2Fv2%2Fmedia&parent=998"}],"curies":[{"name":"wp","href":"https:\/\/api.w.org\/{rel}","templated":true}]}}